 {"id":9621,"date":"2024-12-04T15:54:47","date_gmt":"2024-12-04T14:54:47","guid":{"rendered":"https:\/\/cisiec2.e-przedszkolak.eu\/?page_id=9621"},"modified":"2024-12-04T16:06:29","modified_gmt":"2024-12-04T15:06:29","slug":"koncert-zespolu-regionalnego-male-cisy","status":"publish","type":"page","link":"https:\/\/cisiec2.e-przedszkolak.eu\/archiwum\/koncert-zespolu-regionalnego-male-cisy\/","title":{"rendered":"Koncert zespo\u0142u regionalnego \u201eMa\u0142e Cisy\u201d"},"content":{"rendered":"<p class=\"Standard\" style=\"text-align: justify;\">28 listopada mieli\u015bmy przyjemno\u015b\u0107 go\u015bci\u0107 w naszym przedszkolu niezwykle utalentowane dzieci z zespo\u0142u regionalnego \u201eMa\u0142e Cisy\u201d i wys\u0142ucha\u0107 pi\u0119knego koncertu w ich wykonaniu. G\u00f3ralska muzyka wype\u0142ni\u0142a sale naszego przedszkola. Zesp\u00f3\u0142 \u201eMa\u0142e Cisy\u201d prowadzi pani Celina Motyka a kierownikiem muzycznym jest multiinstrumentalista oraz budowniczy instrument\u00f3w pan Czes\u0142aw W\u0119glarz, kt\u00f3ry podzieli\u0142 si\u0119 z nami swoj\u0105 wiedz\u0105 na temat instrument\u00f3w ludowych oraz zaprezentowa\u0142 dzieciom instrumenty g\u00f3rali \u017cywieckich. Koncert odby\u0142 si\u0119 w ramach innowacji pedagogicznej \u201ePo g\u00f3ralsku, na co dzie\u0144 i od \u015bwi\u0119ta\u201d, kt\u00f3rej celem jest wzbudzanie zainteresowania dziedzictwem kulturowym, poznawanie swoich korzeni oraz budowanie poczucia to\u017csamo\u015bci kulturalnej.<\/p>\n<p class=\"Standard\" style=\"text-align: justify;\">Serdecznie dzi\u0119kujemy zespo\u0142owi, pani Celinie oraz panu Czes\u0142awowi za przeprowadzenie tak wspania\u0142ej lekcji kultury w naszej plac\u00f3wce.<\/p>\n<p class=\"Standard\">&nbsp;<\/p>\n<p class=\"Standard\" style=\"text-align: right;\" align=\"right\"><i>&nbsp;<\/i><\/p>\n<p class=\"Standard\" style=\"text-align: right;\" align=\"right\"><i>Autor: Justyna Kalfas<\/i><\/p>\nngg_shortcode_0_placeholder\n","protected":false},"excerpt":{"rendered":"<p>28 listopada mieli\u015bmy przyjemno\u015b\u0107 go\u015bci\u0107 w naszym przedszkolu niezwykle utalentowane dzieci z zespo\u0142u regionalnego \u201eMa\u0142e Cisy\u201d i wys\u0142ucha\u0107 pi\u0119knego koncertu w ich wykonaniu. G\u00f3ralska muzyka wype\u0142ni\u0142a sale naszego przedszkola. Zesp\u00f3\u0142 \u201eMa\u0142e Cisy\u201d prowadzi pani Celina Motyka a kierownikiem muzycznym jest multiinstrumentalista oraz budowniczy instrument\u00f3w pan Czes\u0142aw W\u0119glarz, kt\u00f3ry podzieli\u0142 si\u0119 z nami swoj\u0105 wiedz\u0105 na [&hellip;]<\/p>\n","protected":false},"author":2,"featured_media":0,"parent":0,"menu_order":0,"comment_status":"closed","ping_status":"closed","template":"","meta":{"ngg_post_thumbnail":0,"footnotes":""},"class_list":["post-9621","page","type-page","status-publish","hentry"],"_links":{"self":[{"href":"https:\/\/cisiec2.e-przedszkolak.eu\/archiwum\/wp-json\/wp\/v2\/pages\/9621","targetHints":{"allow":["GET"]}}],"collection":[{"href":"https:\/\/cisiec2.e-przedszkolak.eu\/archiwum\/wp-json\/wp\/v2\/pages"}],"about":[{"href":"https:\/\/cisiec2.e-przedszkolak.eu\/archiwum\/wp-json\/wp\/v2\/types\/page"}],"author":[{"embeddable":true,"href":"https:\/\/cisiec2.e-przedszkolak.eu\/archiwum\/wp-json\/wp\/v2\/users\/2"}],"replies":[{"embeddable":true,"href":"https:\/\/cisiec2.e-przedszkolak.eu\/archiwum\/wp-json\/wp\/v2\/comments?post=9621"}],"version-history":[{"count":4,"href":"https:\/\/cisiec2.e-przedszkolak.eu\/archiwum\/wp-json\/wp\/v2\/pages\/9621\/revisions"}],"predecessor-version":[{"id":9659,"href":"https:\/\/cisiec2.e-przedszkolak.eu\/archiwum\/wp-json\/wp\/v2\/pages\/9621\/revisions\/9659"}],"wp:attachment":[{"href":"https:\/\/cisiec2.e-przedszkolak.eu\/archiwum\/wp-json\/wp\/v2\/media?parent=9621"}],"curies":[{"name":"wp","href":"https:\/\/api.w.org\/{rel}","templated":true}]}}