 {"id":9410,"date":"2024-11-01T22:19:04","date_gmt":"2024-11-01T21:19:04","guid":{"rendered":"https:\/\/cisiec2.e-przedszkolak.eu\/?page_id=9410"},"modified":"2024-11-01T22:19:04","modified_gmt":"2024-11-01T21:19:04","slug":"warsztaty-kulinarne-z-kolem-gospodyn-wiejskich-maly-cisiec","status":"publish","type":"page","link":"https:\/\/cisiec2.e-przedszkolak.eu\/archiwum\/warsztaty-kulinarne-z-kolem-gospodyn-wiejskich-maly-cisiec\/","title":{"rendered":"Warsztaty kulinarne z Ko\u0142em Gospody\u0144 Wiejskich \u201eMa\u0142y Cisiec\u201d"},"content":{"rendered":"<p style=\"text-align: justify;\">24 pa\u017adziernika w Naszym Przedszkolu odby\u0142y si\u0119 warsztaty kulinarne z Ko\u0142em Gospody\u0144 Wiejskich \u201eMa\u0142y Cisiec\u201d. Dzia\u0142anie zosta\u0142o zrealizowane w ramach innowacji pedagogicznej prowadzonej w przedszkolu pt. \u201ePo g\u00f3ralsku na co dzie\u0144 i od \u015bwi\u0119ta\u201d. Dzieci podczas warsztat\u00f3w zapozna\u0142y si\u0119 z niezb\u0119dnymi akcesoriami, kt\u00f3re u\u017cywane by\u0142y dawniej przez nasze babcie. Dzi\u0119ki zaanga\u017cowaniu naszej zaprzyja\u017anionej pani Ma\u0142gosi dzieci zosta\u0142y wprowadzone w pachn\u0105cy i jak\u017ce pyszny \u015bwiat staropolskich ciast. Ka\u017cdy wychowanek naszego przedszkola mia\u0142 okazj\u0119 wzi\u0105\u0107 czynny udzia\u0142 w przygotowaniu pysznej szarlotki z jab\u0142uszek z pobliskiego sadu. Opr\u00f3cz wiedzy jak\u0105 dzieci zdoby\u0142y na temat starodawnych zwyczaj\u00f3w wypiekania ciast, doskonali\u0142y swoje umiej\u0119tno\u015bci kulinarne, a tak\u017ce \u0107wiczy\u0142y sprawno\u015b\u0107 manualn\u0105 samodzielnie wyrabiaj\u0105c ciasto oraz kruszonk\u0119.<\/p>\n<p>&nbsp;<\/p>\n<p>Opracowa\u0142a: Wioleta Pawlus<\/p>\n<p>&nbsp;<\/p>\nngg_shortcode_0_placeholder\n","protected":false},"excerpt":{"rendered":"<p>24 pa\u017adziernika w Naszym Przedszkolu odby\u0142y si\u0119 warsztaty kulinarne z Ko\u0142em Gospody\u0144 Wiejskich \u201eMa\u0142y Cisiec\u201d. Dzia\u0142anie zosta\u0142o zrealizowane w ramach innowacji pedagogicznej prowadzonej w przedszkolu pt. \u201ePo g\u00f3ralsku na co dzie\u0144 i od \u015bwi\u0119ta\u201d. Dzieci podczas warsztat\u00f3w zapozna\u0142y si\u0119 z niezb\u0119dnymi akcesoriami, kt\u00f3re u\u017cywane by\u0142y dawniej przez nasze babcie. Dzi\u0119ki zaanga\u017cowaniu naszej zaprzyja\u017anionej pani Ma\u0142gosi [&hellip;]<\/p>\n","protected":false},"author":2,"featured_media":0,"parent":0,"menu_order":0,"comment_status":"closed","ping_status":"closed","template":"","meta":{"ngg_post_thumbnail":0,"footnotes":""},"class_list":["post-9410","page","type-page","status-publish","hentry"],"_links":{"self":[{"href":"https:\/\/cisiec2.e-przedszkolak.eu\/archiwum\/wp-json\/wp\/v2\/pages\/9410","targetHints":{"allow":["GET"]}}],"collection":[{"href":"https:\/\/cisiec2.e-przedszkolak.eu\/archiwum\/wp-json\/wp\/v2\/pages"}],"about":[{"href":"https:\/\/cisiec2.e-przedszkolak.eu\/archiwum\/wp-json\/wp\/v2\/types\/page"}],"author":[{"embeddable":true,"href":"https:\/\/cisiec2.e-przedszkolak.eu\/archiwum\/wp-json\/wp\/v2\/users\/2"}],"replies":[{"embeddable":true,"href":"https:\/\/cisiec2.e-przedszkolak.eu\/archiwum\/wp-json\/wp\/v2\/comments?post=9410"}],"version-history":[{"count":1,"href":"https:\/\/cisiec2.e-przedszkolak.eu\/archiwum\/wp-json\/wp\/v2\/pages\/9410\/revisions"}],"predecessor-version":[{"id":9428,"href":"https:\/\/cisiec2.e-przedszkolak.eu\/archiwum\/wp-json\/wp\/v2\/pages\/9410\/revisions\/9428"}],"wp:attachment":[{"href":"https:\/\/cisiec2.e-przedszkolak.eu\/archiwum\/wp-json\/wp\/v2\/media?parent=9410"}],"curies":[{"name":"wp","href":"https:\/\/api.w.org\/{rel}","templated":true}]}}