 {"id":9285,"date":"2024-10-11T12:30:58","date_gmt":"2024-10-11T10:30:58","guid":{"rendered":"https:\/\/cisiec2.e-przedszkolak.eu\/?page_id=9285"},"modified":"2024-10-11T12:30:58","modified_gmt":"2024-10-11T10:30:58","slug":"robimy-soczek","status":"publish","type":"page","link":"https:\/\/cisiec2.e-przedszkolak.eu\/archiwum\/robimy-soczek\/","title":{"rendered":"Robimy soczek"},"content":{"rendered":"<p style=\"text-align: justify;\">3 pa\u017adziernika br. w grupie \u201eMotylki\u201d by\u0142o smacznie, zdrowo i POMARA\u0143CZOWO. W tym miesi\u0105cu dzieci wykonuj\u0105 zadania w kolorze pomara\u0144czowym w ramach projektu \u201eSensoryczna t\u0119cza.\u201d Z pomara\u0144czy i marchewki wykona\u0142y samodzielnie zdrowy sok owocowo-warzywny.<\/p>\n<p style=\"text-align: justify;\">Przed przyst\u0105pieniem do pracy dzieci poszerza\u0142y swoj\u0105 wiedz\u0119 na temat zdrowego od\u017cywiania. Wiedz\u0105 ju\u017c, dlaczego nale\u017cy spo\u017cywa\u0107 owoce i warzywa, \u017ce opr\u00f3cz walor\u00f3w smakowych, s\u0105 one \u017ar\u00f3d\u0142em wielu witamin, kt\u00f3re chroni\u0105 i wzmacniaj\u0105 nasz organizm.<\/p>\n<p style=\"text-align: justify;\">Zapozna\u0142y si\u0119 tak\u017ce z elektrycznym urz\u0105dzeniem gospodarstwa domowego-<br \/>\nz sokowir\u00f3wk\u0105, jej wygl\u0105dem i dzia\u0142aniem. Dzieci zosta\u0142y poinstruowane o sposobie korzystania z sokowir\u00f3wki z przestrzeganiem zasad bezpiecze\u0144stwa.<\/p>\n<p style=\"text-align: justify;\">Nast\u0119pnie, po dokonaniu niezb\u0119dnych czynno\u015bci higienicznych, dzieci przyst\u0105pi\u0142y do pracy.&nbsp; Z rado\u015bci\u0105 obserwowa\u0142y jak kubeczek nape\u0142nia\u0142 si\u0119 pomara\u0144czowym napojem.<\/p>\n<p style=\"text-align: justify;\">Nasze maluszki z apetytem wypija\u0142y samodzielnie zrobiony sok. By\u0142y nawet dok\u0142adki!<\/p>\n<p>&nbsp;<\/p>\n<p style=\"text-align: right;\"><em>Autor: Justyna Kalfas<\/em><\/p>\nngg_shortcode_0_placeholder\n","protected":false},"excerpt":{"rendered":"<p>3 pa\u017adziernika br. w grupie \u201eMotylki\u201d by\u0142o smacznie, zdrowo i POMARA\u0143CZOWO. W tym miesi\u0105cu dzieci wykonuj\u0105 zadania w kolorze pomara\u0144czowym w ramach projektu \u201eSensoryczna t\u0119cza.\u201d Z pomara\u0144czy i marchewki wykona\u0142y samodzielnie zdrowy sok owocowo-warzywny. Przed przyst\u0105pieniem do pracy dzieci poszerza\u0142y swoj\u0105 wiedz\u0119 na temat zdrowego od\u017cywiania. Wiedz\u0105 ju\u017c, dlaczego nale\u017cy spo\u017cywa\u0107 owoce i warzywa, \u017ce [&hellip;]<\/p>\n","protected":false},"author":2,"featured_media":0,"parent":0,"menu_order":0,"comment_status":"closed","ping_status":"closed","template":"","meta":{"ngg_post_thumbnail":0,"footnotes":""},"class_list":["post-9285","page","type-page","status-publish","hentry"],"_links":{"self":[{"href":"https:\/\/cisiec2.e-przedszkolak.eu\/archiwum\/wp-json\/wp\/v2\/pages\/9285","targetHints":{"allow":["GET"]}}],"collection":[{"href":"https:\/\/cisiec2.e-przedszkolak.eu\/archiwum\/wp-json\/wp\/v2\/pages"}],"about":[{"href":"https:\/\/cisiec2.e-przedszkolak.eu\/archiwum\/wp-json\/wp\/v2\/types\/page"}],"author":[{"embeddable":true,"href":"https:\/\/cisiec2.e-przedszkolak.eu\/archiwum\/wp-json\/wp\/v2\/users\/2"}],"replies":[{"embeddable":true,"href":"https:\/\/cisiec2.e-przedszkolak.eu\/archiwum\/wp-json\/wp\/v2\/comments?post=9285"}],"version-history":[{"count":1,"href":"https:\/\/cisiec2.e-przedszkolak.eu\/archiwum\/wp-json\/wp\/v2\/pages\/9285\/revisions"}],"predecessor-version":[{"id":9296,"href":"https:\/\/cisiec2.e-przedszkolak.eu\/archiwum\/wp-json\/wp\/v2\/pages\/9285\/revisions\/9296"}],"wp:attachment":[{"href":"https:\/\/cisiec2.e-przedszkolak.eu\/archiwum\/wp-json\/wp\/v2\/media?parent=9285"}],"curies":[{"name":"wp","href":"https:\/\/api.w.org\/{rel}","templated":true}]}}