 {"id":9239,"date":"2024-09-27T18:49:28","date_gmt":"2024-09-27T16:49:28","guid":{"rendered":"https:\/\/cisiec2.e-przedszkolak.eu\/?page_id=9239"},"modified":"2024-09-27T18:49:28","modified_gmt":"2024-09-27T16:49:28","slug":"zolty-wrzesien","status":"publish","type":"page","link":"https:\/\/cisiec2.e-przedszkolak.eu\/archiwum\/zolty-wrzesien\/","title":{"rendered":"\u017b\u00f3\u0142ty wrzesie\u0144"},"content":{"rendered":"<p style=\"text-align: justify;\">Maluszki z grupy Motylki bior\u0105 udzia\u0142 w zaj\u0119ciach w ramach innowacji &#8222;Sensoryczna t\u0119cza&#8221;. Przez ca\u0142y wrzesie\u0144 dzieci wykonywa\u0142y zadania &nbsp;Przedszkolaki lepi\u0142y z bananoliny stymuluj\u0105c zmys\u0142 zapachu i dotyku, wykona\u0142y pyszn\u0105 lemoniad\u0119 ucz\u0105c si\u0119 rozr\u00f3\u017cnia\u0107 smaki kwa\u015bny i s\u0142odki, wykona\u0142y karty pracy z kolorem \u017c\u00f3\u0142tym, s\u0142oneczko z plasteliny, bawi\u0142y si\u0119 klamerkami i wyszukiwa\u0142y \u017c\u00f3\u0142tego w\u015br\u00f3d innych kolor\u00f3w&nbsp;&nbsp;na koniec dzieci zrobi\u0142y pierwsz\u0105 stron\u0119 do ksi\u0105\u017cki kolor\u00f3w&nbsp;<\/p>\n<p>&nbsp;<\/p>\n<p style=\"text-align: right;\"><em>Autor: Justyna Kalfas&nbsp;<\/em><\/p>\n<p>&nbsp;<\/p>\nngg_shortcode_0_placeholder\n","protected":false},"excerpt":{"rendered":"<p>Maluszki z grupy Motylki bior\u0105 udzia\u0142 w zaj\u0119ciach w ramach innowacji &#8222;Sensoryczna t\u0119cza&#8221;. Przez ca\u0142y wrzesie\u0144 dzieci wykonywa\u0142y zadania &nbsp;Przedszkolaki lepi\u0142y z bananoliny stymuluj\u0105c zmys\u0142 zapachu i dotyku, wykona\u0142y pyszn\u0105 lemoniad\u0119 ucz\u0105c si\u0119 rozr\u00f3\u017cnia\u0107 smaki kwa\u015bny i s\u0142odki, wykona\u0142y karty pracy z kolorem \u017c\u00f3\u0142tym, s\u0142oneczko z plasteliny, bawi\u0142y si\u0119 klamerkami i wyszukiwa\u0142y \u017c\u00f3\u0142tego w\u015br\u00f3d innych [&hellip;]<\/p>\n","protected":false},"author":2,"featured_media":0,"parent":0,"menu_order":0,"comment_status":"closed","ping_status":"closed","template":"","meta":{"ngg_post_thumbnail":0,"footnotes":""},"class_list":["post-9239","page","type-page","status-publish","hentry"],"_links":{"self":[{"href":"https:\/\/cisiec2.e-przedszkolak.eu\/archiwum\/wp-json\/wp\/v2\/pages\/9239","targetHints":{"allow":["GET"]}}],"collection":[{"href":"https:\/\/cisiec2.e-przedszkolak.eu\/archiwum\/wp-json\/wp\/v2\/pages"}],"about":[{"href":"https:\/\/cisiec2.e-przedszkolak.eu\/archiwum\/wp-json\/wp\/v2\/types\/page"}],"author":[{"embeddable":true,"href":"https:\/\/cisiec2.e-przedszkolak.eu\/archiwum\/wp-json\/wp\/v2\/users\/2"}],"replies":[{"embeddable":true,"href":"https:\/\/cisiec2.e-przedszkolak.eu\/archiwum\/wp-json\/wp\/v2\/comments?post=9239"}],"version-history":[{"count":1,"href":"https:\/\/cisiec2.e-przedszkolak.eu\/archiwum\/wp-json\/wp\/v2\/pages\/9239\/revisions"}],"predecessor-version":[{"id":9251,"href":"https:\/\/cisiec2.e-przedszkolak.eu\/archiwum\/wp-json\/wp\/v2\/pages\/9239\/revisions\/9251"}],"wp:attachment":[{"href":"https:\/\/cisiec2.e-przedszkolak.eu\/archiwum\/wp-json\/wp\/v2\/media?parent=9239"}],"curies":[{"name":"wp","href":"https:\/\/api.w.org\/{rel}","templated":true}]}}