 {"id":9227,"date":"2024-09-27T18:42:59","date_gmt":"2024-09-27T16:42:59","guid":{"rendered":"https:\/\/cisiec2.e-przedszkolak.eu\/?page_id=9227"},"modified":"2025-02-12T17:07:00","modified_gmt":"2025-02-12T16:07:00","slug":"po-goralsku-na-co-dzien-i-od-swieta","status":"publish","type":"page","link":"https:\/\/cisiec2.e-przedszkolak.eu\/archiwum\/po-goralsku-na-co-dzien-i-od-swieta\/","title":{"rendered":"Po g\u00f3ralsku na co dzie\u0144 i od \u015bwi\u0119ta"},"content":{"rendered":"<p style=\"text-align: justify;\">Dnia 18 wrze\u015bnia 2024 r przedszkolaki uczestniczy\u0142y w zaj\u0119ciach, kt\u00f3re zosta\u0142y zorganizowane w ramach innowacji pedagogicznej \u201ePo g\u00f3ralsku na co dzie\u0144 i od \u015bwi\u0119ta\u201d. Przedszkolaki wybra\u0142y si\u0119 do pobliskiego gospodarstwa rolnego, gdzie mog\u0142y zobaczy\u0107 jak \u017cyj\u0105 zwierz\u0119ta w gospodarstwie. Zobaczy\u0142y m.in kury, kr\u00f3liki , \u015bwink\u0119, ale nie zabrak\u0142o r\u00f3wnie\u017c takich zwierz\u0105t jak go\u0142\u0119bie, kanarki a nawet wiewi\u00f3rki ! Dzieci mia\u0142y mo\u017cliwo\u015b\u0107 karmienia zwierz\u0105t ich ulubionymi przysmakami. Przedszkolaki zobaczy\u0142y tak\u017ce upraw\u0119 warzyw oraz owoc\u00f3w, kt\u00f3re r\u00f3wnie\u017c znajdowa\u0142y si\u0119 w gospodarstwie. Dzieci zobaczy\u0142y jak wygl\u0105da opieka nad zwierz\u0119tami oraz gospodarstwem. Na koniec czeka\u0142 na przedszkolaki wspania\u0142y pocz\u0119stunek -babeczki z owocami z ogrodu oraz domowa, orze\u017awiaj\u0105ca lemoniada . Wizyta w gospodarstwie sprawi\u0142a dzieciom wiele rado\u015bci. Na pewno zapami\u0119taj\u0105 j\u0105 na d\u0142ugo.<\/p>\n<p>&nbsp;<\/p>\n<p style=\"text-align: right;\"><em>Autor : Alicja Zawada<\/em><\/p>\n<p>&nbsp;<\/p>\nngg_shortcode_0_placeholder\n","protected":false},"excerpt":{"rendered":"<p>Dnia 18 wrze\u015bnia 2024 r przedszkolaki uczestniczy\u0142y w zaj\u0119ciach, kt\u00f3re zosta\u0142y zorganizowane w ramach innowacji pedagogicznej \u201ePo g\u00f3ralsku na co dzie\u0144 i od \u015bwi\u0119ta\u201d. Przedszkolaki wybra\u0142y si\u0119 do pobliskiego gospodarstwa rolnego, gdzie mog\u0142y zobaczy\u0107 jak \u017cyj\u0105 zwierz\u0119ta w gospodarstwie. Zobaczy\u0142y m.in kury, kr\u00f3liki , \u015bwink\u0119, ale nie zabrak\u0142o r\u00f3wnie\u017c takich zwierz\u0105t jak go\u0142\u0119bie, kanarki a [&hellip;]<\/p>\n","protected":false},"author":2,"featured_media":0,"parent":0,"menu_order":0,"comment_status":"closed","ping_status":"closed","template":"","meta":{"ngg_post_thumbnail":0,"footnotes":""},"class_list":["post-9227","page","type-page","status-publish","hentry"],"_links":{"self":[{"href":"https:\/\/cisiec2.e-przedszkolak.eu\/archiwum\/wp-json\/wp\/v2\/pages\/9227","targetHints":{"allow":["GET"]}}],"collection":[{"href":"https:\/\/cisiec2.e-przedszkolak.eu\/archiwum\/wp-json\/wp\/v2\/pages"}],"about":[{"href":"https:\/\/cisiec2.e-przedszkolak.eu\/archiwum\/wp-json\/wp\/v2\/types\/page"}],"author":[{"embeddable":true,"href":"https:\/\/cisiec2.e-przedszkolak.eu\/archiwum\/wp-json\/wp\/v2\/users\/2"}],"replies":[{"embeddable":true,"href":"https:\/\/cisiec2.e-przedszkolak.eu\/archiwum\/wp-json\/wp\/v2\/comments?post=9227"}],"version-history":[{"count":1,"href":"https:\/\/cisiec2.e-przedszkolak.eu\/archiwum\/wp-json\/wp\/v2\/pages\/9227\/revisions"}],"predecessor-version":[{"id":9237,"href":"https:\/\/cisiec2.e-przedszkolak.eu\/archiwum\/wp-json\/wp\/v2\/pages\/9227\/revisions\/9237"}],"wp:attachment":[{"href":"https:\/\/cisiec2.e-przedszkolak.eu\/archiwum\/wp-json\/wp\/v2\/media?parent=9227"}],"curies":[{"name":"wp","href":"https:\/\/api.w.org\/{rel}","templated":true}]}}