 {"id":9213,"date":"2024-09-27T18:37:36","date_gmt":"2024-09-27T16:37:36","guid":{"rendered":"https:\/\/cisiec2.e-przedszkolak.eu\/?page_id=9213"},"modified":"2024-09-27T18:37:36","modified_gmt":"2024-09-27T16:37:36","slug":"warsztaty-rolnicze-od-nasionka-do-warzywa","status":"publish","type":"page","link":"https:\/\/cisiec2.e-przedszkolak.eu\/archiwum\/warsztaty-rolnicze-od-nasionka-do-warzywa\/","title":{"rendered":"Warsztaty rolnicze: \u201eOd nasionka do warzywa\u201d"},"content":{"rendered":"<p style=\"text-align: justify;\">25 wrze\u015bnia przedszkolaki mia\u0142y okazj\u0119 uczestniczy\u0107 w kolejnych zaj\u0119ciach realizuj\u0105cych innowacj\u0119 pedagogiczn\u0105 \u201ePo g\u00f3ralsku na co dzie\u0144 i od \u015bwi\u0119ta\u201d. W przedszkolu odby\u0142y si\u0119 warsztaty rolnicze \u201eOd nasionka do warzywa\u201d. Przedszkolaki utrwali\u0142y wiadomo\u015bci na temat hodowli i wygl\u0105du warzyw, dowiedzia\u0142y si\u0119 jak wygl\u0105da praca na roli, a na ko\u0144cu samodzielnie zerwa\u0142y jab\u0142ka z przedszkolnej jab\u0142onki oraz wykona\u0142y je\u017cyki z ziemniak\u00f3w. Dzieci podczas warsztat\u00f3w wykaza\u0142y si\u0119 du\u017cym zaanga\u017cowaniem oraz wiedz\u0105 przyrodnicz\u0105.<\/p>\n<p style=\"text-align: right;\"><em>Karolina Czekaj<\/em><\/p>\n<p>&nbsp;<\/p>\nngg_shortcode_0_placeholder\n","protected":false},"excerpt":{"rendered":"<p>25 wrze\u015bnia przedszkolaki mia\u0142y okazj\u0119 uczestniczy\u0107 w kolejnych zaj\u0119ciach realizuj\u0105cych innowacj\u0119 pedagogiczn\u0105 \u201ePo g\u00f3ralsku na co dzie\u0144 i od \u015bwi\u0119ta\u201d. W przedszkolu odby\u0142y si\u0119 warsztaty rolnicze \u201eOd nasionka do warzywa\u201d. Przedszkolaki utrwali\u0142y wiadomo\u015bci na temat hodowli i wygl\u0105du warzyw, dowiedzia\u0142y si\u0119 jak wygl\u0105da praca na roli, a na ko\u0144cu samodzielnie zerwa\u0142y jab\u0142ka z przedszkolnej jab\u0142onki [&hellip;]<\/p>\n","protected":false},"author":2,"featured_media":0,"parent":0,"menu_order":0,"comment_status":"closed","ping_status":"closed","template":"","meta":{"ngg_post_thumbnail":0,"footnotes":""},"class_list":["post-9213","page","type-page","status-publish","hentry"],"_links":{"self":[{"href":"https:\/\/cisiec2.e-przedszkolak.eu\/archiwum\/wp-json\/wp\/v2\/pages\/9213","targetHints":{"allow":["GET"]}}],"collection":[{"href":"https:\/\/cisiec2.e-przedszkolak.eu\/archiwum\/wp-json\/wp\/v2\/pages"}],"about":[{"href":"https:\/\/cisiec2.e-przedszkolak.eu\/archiwum\/wp-json\/wp\/v2\/types\/page"}],"author":[{"embeddable":true,"href":"https:\/\/cisiec2.e-przedszkolak.eu\/archiwum\/wp-json\/wp\/v2\/users\/2"}],"replies":[{"embeddable":true,"href":"https:\/\/cisiec2.e-przedszkolak.eu\/archiwum\/wp-json\/wp\/v2\/comments?post=9213"}],"version-history":[{"count":1,"href":"https:\/\/cisiec2.e-przedszkolak.eu\/archiwum\/wp-json\/wp\/v2\/pages\/9213\/revisions"}],"predecessor-version":[{"id":9225,"href":"https:\/\/cisiec2.e-przedszkolak.eu\/archiwum\/wp-json\/wp\/v2\/pages\/9213\/revisions\/9225"}],"wp:attachment":[{"href":"https:\/\/cisiec2.e-przedszkolak.eu\/archiwum\/wp-json\/wp\/v2\/media?parent=9213"}],"curies":[{"name":"wp","href":"https:\/\/api.w.org\/{rel}","templated":true}]}}