 {"id":9125,"date":"2024-08-16T11:40:11","date_gmt":"2024-08-16T09:40:11","guid":{"rendered":"https:\/\/cisiec2.e-przedszkolak.eu\/?page_id=9125"},"modified":"2024-10-01T14:59:48","modified_gmt":"2024-10-01T12:59:48","slug":"ochrona-maloletnich","status":"publish","type":"page","link":"https:\/\/cisiec2.e-przedszkolak.eu\/archiwum\/ochrona-maloletnich\/","title":{"rendered":"Ochrona ma\u0142oletnich"},"content":{"rendered":"<ul>\n<li><strong><a href=\"https:\/\/cisiec2.e-przedszkolak.eu\/archiwum\/wp-content\/uploads\/2024\/08\/procedura-podejmowania-interwencji.pdf\">Procedura podejmowania interwencji w sytuacji podejrzenia krzywdzenia lub posiadania informacji o krzywdzeniu ma\u0142oletniego<\/a><\/strong><\/li>\n<\/ul>\n<p>&nbsp;<\/p>\n<ul>\n<li><strong><a href=\"https:\/\/cisiec2.e-przedszkolak.eu\/archiwum\/wp-content\/uploads\/2024\/08\/zasady-dokumentowania-incydentow.pdf\">Zasady przegl\u0105du i aktualizacji standard\u00f3w ochrony ma\u0142oletnich oraz sposoby dokumentowania i zasady przechowywania ujawnionych lub zg\u0142oszonych incydent\u00f3w lub zdarze\u0144 zagra\u017caj\u0105cych dobru ma\u0142oletniego<\/a><\/strong><\/li>\n<\/ul>\n<p>&nbsp;<\/p>\n<ul>\n<li><strong><a href=\"https:\/\/cisiec2.e-przedszkolak.eu\/archiwum\/wp-content\/uploads\/2024\/08\/zasady-i-sposob-udostepniania-rodzicom-standardow-ochrony-maloletnich-.pdf\">Zasady i spos\u00f3b udost\u0119pniania rodzicom albo opiekunom prawnym lub faktycznym standard\u00f3w ochrony ma\u0142oletnich do zaznajomienia si\u0119 z nimi i ich stosowania<\/a><\/strong><\/li>\n<\/ul>\n<p>&nbsp;<\/p>\n<ul>\n<li><strong><strong><a href=\"https:\/\/cisiec2.e-przedszkolak.eu\/archiwum\/wp-content\/uploads\/2024\/08\/zasady-zapewniajace-bezpieczne-relacje-miedzy-personelem-a-dziecmi.pdf\">Zasady zapewniaj\u0105ce bezpieczne relacje mi\u0119dzy ma\u0142oletnim a personelem plac\u00f3wki<\/a><\/strong><\/strong>&nbsp;<\/li>\n<\/ul>\n<p>&nbsp;<\/p>\n<ul>\n<li><strong><a href=\"https:\/\/cisiec2.e-przedszkolak.eu\/archiwum\/wp-content\/uploads\/2024\/10\/Standardy-reguly-ochrony-maloletnich-przed-krzywdzeniem.pdf\">Standardy, regu\u0142y ochrony ma\u0142oletnich przed krzywdzeniem<\/a><\/strong><\/li>\n<\/ul>\n<p>&nbsp;<\/p>\n","protected":false},"excerpt":{"rendered":"<p>Procedura podejmowania interwencji w sytuacji podejrzenia krzywdzenia lub posiadania informacji o krzywdzeniu ma\u0142oletniego &nbsp; Zasady przegl\u0105du i aktualizacji standard\u00f3w ochrony ma\u0142oletnich oraz sposoby dokumentowania i zasady przechowywania ujawnionych lub zg\u0142oszonych incydent\u00f3w lub zdarze\u0144 zagra\u017caj\u0105cych dobru ma\u0142oletniego &nbsp; Zasady i spos\u00f3b udost\u0119pniania rodzicom albo opiekunom prawnym lub faktycznym standard\u00f3w ochrony ma\u0142oletnich do zaznajomienia si\u0119 z nimi [&hellip;]<\/p>\n","protected":false},"author":2,"featured_media":0,"parent":0,"menu_order":0,"comment_status":"closed","ping_status":"closed","template":"","meta":{"ngg_post_thumbnail":0,"footnotes":""},"class_list":["post-9125","page","type-page","status-publish","hentry"],"_links":{"self":[{"href":"https:\/\/cisiec2.e-przedszkolak.eu\/archiwum\/wp-json\/wp\/v2\/pages\/9125","targetHints":{"allow":["GET"]}}],"collection":[{"href":"https:\/\/cisiec2.e-przedszkolak.eu\/archiwum\/wp-json\/wp\/v2\/pages"}],"about":[{"href":"https:\/\/cisiec2.e-przedszkolak.eu\/archiwum\/wp-json\/wp\/v2\/types\/page"}],"author":[{"embeddable":true,"href":"https:\/\/cisiec2.e-przedszkolak.eu\/archiwum\/wp-json\/wp\/v2\/users\/2"}],"replies":[{"embeddable":true,"href":"https:\/\/cisiec2.e-przedszkolak.eu\/archiwum\/wp-json\/wp\/v2\/comments?post=9125"}],"version-history":[{"count":10,"href":"https:\/\/cisiec2.e-przedszkolak.eu\/archiwum\/wp-json\/wp\/v2\/pages\/9125\/revisions"}],"predecessor-version":[{"id":9268,"href":"https:\/\/cisiec2.e-przedszkolak.eu\/archiwum\/wp-json\/wp\/v2\/pages\/9125\/revisions\/9268"}],"wp:attachment":[{"href":"https:\/\/cisiec2.e-przedszkolak.eu\/archiwum\/wp-json\/wp\/v2\/media?parent=9125"}],"curies":[{"name":"wp","href":"https:\/\/api.w.org\/{rel}","templated":true}]}}