 {"id":414,"date":"2016-01-25T19:23:01","date_gmt":"2016-01-25T18:23:01","guid":{"rendered":"http:\/\/cisiec2.e-przedszkolak.eu\/?page_id=414"},"modified":"2016-03-04T19:22:14","modified_gmt":"2016-03-04T18:22:14","slug":"certyfikaty","status":"publish","type":"page","link":"https:\/\/cisiec2.e-przedszkolak.eu\/archiwum\/certyfikaty\/","title":{"rendered":"Certyfikaty"},"content":{"rendered":"<h4><!-- default-view.php -->\n<div\n\tclass=\"ngg-galleryoverview default-view\n\t ngg-ajax-pagination-none\t\"\n\tid=\"ngg-gallery-93cc5e6191de9f330afaa99707b88e06-1\">\n\n\t\t<!-- Thumbnails -->\n\t\t\t\t<div id=\"ngg-image-0\" class=\"ngg-gallery-thumbnail-box\n\t\t\t\t\t\t\t\tngg-2-columns\t\t\t\"\n\t\t\t>\n\t\t\t\t\t\t<div class=\"ngg-gallery-thumbnail\">\n\t\t\t<a href=\"https:\/\/cisiec2.e-przedszkolak.eu\/archiwum\/wp-content\/gallery\/certyfikaty\/wyraz-3.-1.png\"\n\t\t\t\ttitle=\"\"\n\t\t\t\tdata-src=\"https:\/\/cisiec2.e-przedszkolak.eu\/archiwum\/wp-content\/gallery\/certyfikaty\/wyraz-3.-1.png\"\n\t\t\t\tdata-thumbnail=\"https:\/\/cisiec2.e-przedszkolak.eu\/archiwum\/wp-content\/gallery\/certyfikaty\/thumbs\/thumbs_wyraz-3.-1.png\"\n\t\t\t\tdata-image-id=\"1189\"\n\t\t\t\tdata-title=\"wyraz 3.-1\"\n\t\t\t\tdata-description=\"\"\n\t\t\t\tdata-image-slug=\"wyraz-3-1\"\n\t\t\t\tclass=\"ngg-fancybox\" rel=\"93cc5e6191de9f330afaa99707b88e06\">\n\t\t\t\t<img\n\t\t\t\t\ttitle=\"wyraz 3.-1\"\n\t\t\t\t\talt=\"wyraz 3.-1\"\n\t\t\t\t\tsrc=\"https:\/\/cisiec2.e-przedszkolak.eu\/archiwum\/wp-content\/gallery\/certyfikaty\/thumbs\/thumbs_wyraz-3.-1.png\"\n\t\t\t\t\twidth=\"210\"\n\t\t\t\t\theight=\"140\"\n\t\t\t\t\tstyle=\"max-width:100%;\"\n\t\t\t\t\/>\n\t\t\t<\/a>\n\t\t<\/div>\n\t\t\t\t\t\t\t<\/div>\n\t\t\t\n\t\t\t\t<div id=\"ngg-image-1\" class=\"ngg-gallery-thumbnail-box\n\t\t\t\t\t\t\t\tngg-2-columns\t\t\t\"\n\t\t\t>\n\t\t\t\t\t\t<div class=\"ngg-gallery-thumbnail\">\n\t\t\t<a href=\"https:\/\/cisiec2.e-przedszkolak.eu\/archiwum\/wp-content\/gallery\/certyfikaty\/wyraz.-2-1.png\"\n\t\t\t\ttitle=\"\"\n\t\t\t\tdata-src=\"https:\/\/cisiec2.e-przedszkolak.eu\/archiwum\/wp-content\/gallery\/certyfikaty\/wyraz.-2-1.png\"\n\t\t\t\tdata-thumbnail=\"https:\/\/cisiec2.e-przedszkolak.eu\/archiwum\/wp-content\/gallery\/certyfikaty\/thumbs\/thumbs_wyraz.-2-1.png\"\n\t\t\t\tdata-image-id=\"1188\"\n\t\t\t\tdata-title=\"wyraz. 2-1\"\n\t\t\t\tdata-description=\"\"\n\t\t\t\tdata-image-slug=\"wyraz-2-1\"\n\t\t\t\tclass=\"ngg-fancybox\" rel=\"93cc5e6191de9f330afaa99707b88e06\">\n\t\t\t\t<img\n\t\t\t\t\ttitle=\"wyraz. 2-1\"\n\t\t\t\t\talt=\"wyraz. 2-1\"\n\t\t\t\t\tsrc=\"https:\/\/cisiec2.e-przedszkolak.eu\/archiwum\/wp-content\/gallery\/certyfikaty\/thumbs\/thumbs_wyraz.-2-1.png\"\n\t\t\t\t\twidth=\"210\"\n\t\t\t\t\theight=\"140\"\n\t\t\t\t\tstyle=\"max-width:100%;\"\n\t\t\t\t\/>\n\t\t\t<\/a>\n\t\t<\/div>\n\t\t\t\t\t\t\t<\/div>\n\t\t\t\n\t\t\t\t<div id=\"ngg-image-2\" class=\"ngg-gallery-thumbnail-box\n\t\t\t\t\t\t\t\tngg-2-columns\t\t\t\"\n\t\t\t>\n\t\t\t\t\t\t<div class=\"ngg-gallery-thumbnail\">\n\t\t\t<a href=\"https:\/\/cisiec2.e-przedszkolak.eu\/archiwum\/wp-content\/gallery\/certyfikaty\/certyfikat-2152-IBA-12-2015.JPG\"\n\t\t\t\ttitle=\"\"\n\t\t\t\tdata-src=\"https:\/\/cisiec2.e-przedszkolak.eu\/archiwum\/wp-content\/gallery\/certyfikaty\/certyfikat-2152-IBA-12-2015.JPG\"\n\t\t\t\tdata-thumbnail=\"https:\/\/cisiec2.e-przedszkolak.eu\/archiwum\/wp-content\/gallery\/certyfikaty\/thumbs\/thumbs_certyfikat-2152-IBA-12-2015.JPG\"\n\t\t\t\tdata-image-id=\"93\"\n\t\t\t\tdata-title=\"certyfikat 2152-IBA-12-2015\"\n\t\t\t\tdata-description=\"\"\n\t\t\t\tdata-image-slug=\"certyfikat-2152-iba-12-2015\"\n\t\t\t\tclass=\"ngg-fancybox\" rel=\"93cc5e6191de9f330afaa99707b88e06\">\n\t\t\t\t<img\n\t\t\t\t\ttitle=\"certyfikat 2152-IBA-12-2015\"\n\t\t\t\t\talt=\"certyfikat 2152-IBA-12-2015\"\n\t\t\t\t\tsrc=\"https:\/\/cisiec2.e-przedszkolak.eu\/archiwum\/wp-content\/gallery\/certyfikaty\/thumbs\/thumbs_certyfikat-2152-IBA-12-2015.JPG\"\n\t\t\t\t\twidth=\"210\"\n\t\t\t\t\theight=\"140\"\n\t\t\t\t\tstyle=\"max-width:100%;\"\n\t\t\t\t\/>\n\t\t\t<\/a>\n\t\t<\/div>\n\t\t\t\t\t\t\t<\/div>\n\t\t\t\n\t\t\t\t<div id=\"ngg-image-3\" class=\"ngg-gallery-thumbnail-box\n\t\t\t\t\t\t\t\tngg-2-columns\t\t\t\"\n\t\t\t>\n\t\t\t\t\t\t<div class=\"ngg-gallery-thumbnail\">\n\t\t\t<a href=\"https:\/\/cisiec2.e-przedszkolak.eu\/archiwum\/wp-content\/gallery\/certyfikaty\/Scan.jpg\"\n\t\t\t\ttitle=\"Certyfikat plac\u00f3wki dbaj\u0105cej o Zdrowie i kondycj\u0119 dziecka\"\n\t\t\t\tdata-src=\"https:\/\/cisiec2.e-przedszkolak.eu\/archiwum\/wp-content\/gallery\/certyfikaty\/Scan.jpg\"\n\t\t\t\tdata-thumbnail=\"https:\/\/cisiec2.e-przedszkolak.eu\/archiwum\/wp-content\/gallery\/certyfikaty\/thumbs\/thumbs_Scan.jpg\"\n\t\t\t\tdata-image-id=\"176\"\n\t\t\t\tdata-title=\"Scan\"\n\t\t\t\tdata-description=\"Certyfikat plac\u00f3wki dbaj\u0105cej o Zdrowie i kondycj\u0119 dziecka\"\n\t\t\t\tdata-image-slug=\"scan\"\n\t\t\t\tclass=\"ngg-fancybox\" rel=\"93cc5e6191de9f330afaa99707b88e06\">\n\t\t\t\t<img\n\t\t\t\t\ttitle=\"Scan\"\n\t\t\t\t\talt=\"Scan\"\n\t\t\t\t\tsrc=\"https:\/\/cisiec2.e-przedszkolak.eu\/archiwum\/wp-content\/gallery\/certyfikaty\/thumbs\/thumbs_Scan.jpg\"\n\t\t\t\t\twidth=\"210\"\n\t\t\t\t\theight=\"140\"\n\t\t\t\t\tstyle=\"max-width:100%;\"\n\t\t\t\t\/>\n\t\t\t<\/a>\n\t\t<\/div>\n\t\t\t\t\t\t\t<\/div>\n\t\t\t\n\t\t\t\t<div id=\"ngg-image-4\" class=\"ngg-gallery-thumbnail-box\n\t\t\t\t\t\t\t\tngg-2-columns\t\t\t\"\n\t\t\t>\n\t\t\t\t\t\t<div class=\"ngg-gallery-thumbnail\">\n\t\t\t<a href=\"https:\/\/cisiec2.e-przedszkolak.eu\/archiwum\/wp-content\/gallery\/certyfikaty\/Bezpieczna_placowka_oswiatowa.jpg\"\n\t\t\t\ttitle=\"\"\n\t\t\t\tdata-src=\"https:\/\/cisiec2.e-przedszkolak.eu\/archiwum\/wp-content\/gallery\/certyfikaty\/Bezpieczna_placowka_oswiatowa.jpg\"\n\t\t\t\tdata-thumbnail=\"https:\/\/cisiec2.e-przedszkolak.eu\/archiwum\/wp-content\/gallery\/certyfikaty\/thumbs\/thumbs_Bezpieczna_placowka_oswiatowa.jpg\"\n\t\t\t\tdata-image-id=\"496\"\n\t\t\t\tdata-title=\"Bezpieczna_placowka_oswiatowa\"\n\t\t\t\tdata-description=\"\"\n\t\t\t\tdata-image-slug=\"bezpieczna_placowka_oswiatowa\"\n\t\t\t\tclass=\"ngg-fancybox\" rel=\"93cc5e6191de9f330afaa99707b88e06\">\n\t\t\t\t<img\n\t\t\t\t\ttitle=\"Bezpieczna_placowka_oswiatowa\"\n\t\t\t\t\talt=\"Bezpieczna_placowka_oswiatowa\"\n\t\t\t\t\tsrc=\"https:\/\/cisiec2.e-przedszkolak.eu\/archiwum\/wp-content\/gallery\/certyfikaty\/thumbs\/thumbs_Bezpieczna_placowka_oswiatowa.jpg\"\n\t\t\t\t\twidth=\"210\"\n\t\t\t\t\theight=\"140\"\n\t\t\t\t\tstyle=\"max-width:100%;\"\n\t\t\t\t\/>\n\t\t\t<\/a>\n\t\t<\/div>\n\t\t\t\t\t\t\t<\/div>\n\t\t\t\n\t\t\t\t<div id=\"ngg-image-5\" class=\"ngg-gallery-thumbnail-box\n\t\t\t\t\t\t\t\tngg-2-columns\t\t\t\"\n\t\t\t>\n\t\t\t\t\t\t<div class=\"ngg-gallery-thumbnail\">\n\t\t\t<a href=\"https:\/\/cisiec2.e-przedszkolak.eu\/archiwum\/wp-content\/gallery\/certyfikaty\/Scan1.jpg\"\n\t\t\t\ttitle=\"\"\n\t\t\t\tdata-src=\"https:\/\/cisiec2.e-przedszkolak.eu\/archiwum\/wp-content\/gallery\/certyfikaty\/Scan1.jpg\"\n\t\t\t\tdata-thumbnail=\"https:\/\/cisiec2.e-przedszkolak.eu\/archiwum\/wp-content\/gallery\/certyfikaty\/thumbs\/thumbs_Scan1.jpg\"\n\t\t\t\tdata-image-id=\"673\"\n\t\t\t\tdata-title=\"Scan1\"\n\t\t\t\tdata-description=\"\"\n\t\t\t\tdata-image-slug=\"scan1\"\n\t\t\t\tclass=\"ngg-fancybox\" rel=\"93cc5e6191de9f330afaa99707b88e06\">\n\t\t\t\t<img\n\t\t\t\t\ttitle=\"Scan1\"\n\t\t\t\t\talt=\"Scan1\"\n\t\t\t\t\tsrc=\"https:\/\/cisiec2.e-przedszkolak.eu\/archiwum\/wp-content\/gallery\/certyfikaty\/thumbs\/thumbs_Scan1.jpg\"\n\t\t\t\t\twidth=\"210\"\n\t\t\t\t\theight=\"140\"\n\t\t\t\t\tstyle=\"max-width:100%;\"\n\t\t\t\t\/>\n\t\t\t<\/a>\n\t\t<\/div>\n\t\t\t\t\t\t\t<\/div>\n\t\t\t\n\t\t\t\t<div id=\"ngg-image-6\" class=\"ngg-gallery-thumbnail-box\n\t\t\t\t\t\t\t\tngg-2-columns\t\t\t\"\n\t\t\t>\n\t\t\t\t\t\t<div class=\"ngg-gallery-thumbnail\">\n\t\t\t<a href=\"https:\/\/cisiec2.e-przedszkolak.eu\/archiwum\/wp-content\/gallery\/certyfikaty\/Scan2.jpg\"\n\t\t\t\ttitle=\"\"\n\t\t\t\tdata-src=\"https:\/\/cisiec2.e-przedszkolak.eu\/archiwum\/wp-content\/gallery\/certyfikaty\/Scan2.jpg\"\n\t\t\t\tdata-thumbnail=\"https:\/\/cisiec2.e-przedszkolak.eu\/archiwum\/wp-content\/gallery\/certyfikaty\/thumbs\/thumbs_Scan2.jpg\"\n\t\t\t\tdata-image-id=\"674\"\n\t\t\t\tdata-title=\"Scan2\"\n\t\t\t\tdata-description=\"\"\n\t\t\t\tdata-image-slug=\"scan2\"\n\t\t\t\tclass=\"ngg-fancybox\" rel=\"93cc5e6191de9f330afaa99707b88e06\">\n\t\t\t\t<img\n\t\t\t\t\ttitle=\"Scan2\"\n\t\t\t\t\talt=\"Scan2\"\n\t\t\t\t\tsrc=\"https:\/\/cisiec2.e-przedszkolak.eu\/archiwum\/wp-content\/gallery\/certyfikaty\/thumbs\/thumbs_Scan2.jpg\"\n\t\t\t\t\twidth=\"210\"\n\t\t\t\t\theight=\"140\"\n\t\t\t\t\tstyle=\"max-width:100%;\"\n\t\t\t\t\/>\n\t\t\t<\/a>\n\t\t<\/div>\n\t\t\t\t\t\t\t<\/div>\n\t\t\t\n\t\t\t\t<div id=\"ngg-image-7\" class=\"ngg-gallery-thumbnail-box\n\t\t\t\t\t\t\t\tngg-2-columns\t\t\t\"\n\t\t\t>\n\t\t\t\t\t\t<div class=\"ngg-gallery-thumbnail\">\n\t\t\t<a href=\"https:\/\/cisiec2.e-przedszkolak.eu\/archiwum\/wp-content\/gallery\/certyfikaty\/Scan4.jpg\"\n\t\t\t\ttitle=\"\"\n\t\t\t\tdata-src=\"https:\/\/cisiec2.e-przedszkolak.eu\/archiwum\/wp-content\/gallery\/certyfikaty\/Scan4.jpg\"\n\t\t\t\tdata-thumbnail=\"https:\/\/cisiec2.e-przedszkolak.eu\/archiwum\/wp-content\/gallery\/certyfikaty\/thumbs\/thumbs_Scan4.jpg\"\n\t\t\t\tdata-image-id=\"676\"\n\t\t\t\tdata-title=\"Scan4\"\n\t\t\t\tdata-description=\"\"\n\t\t\t\tdata-image-slug=\"scan4\"\n\t\t\t\tclass=\"ngg-fancybox\" rel=\"93cc5e6191de9f330afaa99707b88e06\">\n\t\t\t\t<img\n\t\t\t\t\ttitle=\"Scan4\"\n\t\t\t\t\talt=\"Scan4\"\n\t\t\t\t\tsrc=\"https:\/\/cisiec2.e-przedszkolak.eu\/archiwum\/wp-content\/gallery\/certyfikaty\/thumbs\/thumbs_Scan4.jpg\"\n\t\t\t\t\twidth=\"210\"\n\t\t\t\t\theight=\"140\"\n\t\t\t\t\tstyle=\"max-width:100%;\"\n\t\t\t\t\/>\n\t\t\t<\/a>\n\t\t<\/div>\n\t\t\t\t\t\t\t<\/div>\n\t\t\t\n\t\t\t\t<div id=\"ngg-image-8\" class=\"ngg-gallery-thumbnail-box\n\t\t\t\t\t\t\t\tngg-2-columns\t\t\t\"\n\t\t\t>\n\t\t\t\t\t\t<div class=\"ngg-gallery-thumbnail\">\n\t\t\t<a href=\"https:\/\/cisiec2.e-przedszkolak.eu\/archiwum\/wp-content\/gallery\/certyfikaty\/Scan6.jpg\"\n\t\t\t\ttitle=\"\"\n\t\t\t\tdata-src=\"https:\/\/cisiec2.e-przedszkolak.eu\/archiwum\/wp-content\/gallery\/certyfikaty\/Scan6.jpg\"\n\t\t\t\tdata-thumbnail=\"https:\/\/cisiec2.e-przedszkolak.eu\/archiwum\/wp-content\/gallery\/certyfikaty\/thumbs\/thumbs_Scan6.jpg\"\n\t\t\t\tdata-image-id=\"677\"\n\t\t\t\tdata-title=\"Scan6\"\n\t\t\t\tdata-description=\"\"\n\t\t\t\tdata-image-slug=\"scan6\"\n\t\t\t\tclass=\"ngg-fancybox\" rel=\"93cc5e6191de9f330afaa99707b88e06\">\n\t\t\t\t<img\n\t\t\t\t\ttitle=\"Scan6\"\n\t\t\t\t\talt=\"Scan6\"\n\t\t\t\t\tsrc=\"https:\/\/cisiec2.e-przedszkolak.eu\/archiwum\/wp-content\/gallery\/certyfikaty\/thumbs\/thumbs_Scan6.jpg\"\n\t\t\t\t\twidth=\"210\"\n\t\t\t\t\theight=\"140\"\n\t\t\t\t\tstyle=\"max-width:100%;\"\n\t\t\t\t\/>\n\t\t\t<\/a>\n\t\t<\/div>\n\t\t\t\t\t\t\t<\/div>\n\t\t\t\n\t\t\t\t<div id=\"ngg-image-9\" class=\"ngg-gallery-thumbnail-box\n\t\t\t\t\t\t\t\tngg-2-columns\t\t\t\"\n\t\t\t>\n\t\t\t\t\t\t<div class=\"ngg-gallery-thumbnail\">\n\t\t\t<a href=\"https:\/\/cisiec2.e-przedszkolak.eu\/archiwum\/wp-content\/gallery\/certyfikaty\/Scan7.jpg\"\n\t\t\t\ttitle=\"\"\n\t\t\t\tdata-src=\"https:\/\/cisiec2.e-przedszkolak.eu\/archiwum\/wp-content\/gallery\/certyfikaty\/Scan7.jpg\"\n\t\t\t\tdata-thumbnail=\"https:\/\/cisiec2.e-przedszkolak.eu\/archiwum\/wp-content\/gallery\/certyfikaty\/thumbs\/thumbs_Scan7.jpg\"\n\t\t\t\tdata-image-id=\"678\"\n\t\t\t\tdata-title=\"Scan7\"\n\t\t\t\tdata-description=\"\"\n\t\t\t\tdata-image-slug=\"scan7\"\n\t\t\t\tclass=\"ngg-fancybox\" rel=\"93cc5e6191de9f330afaa99707b88e06\">\n\t\t\t\t<img\n\t\t\t\t\ttitle=\"Scan7\"\n\t\t\t\t\talt=\"Scan7\"\n\t\t\t\t\tsrc=\"https:\/\/cisiec2.e-przedszkolak.eu\/archiwum\/wp-content\/gallery\/certyfikaty\/thumbs\/thumbs_Scan7.jpg\"\n\t\t\t\t\twidth=\"210\"\n\t\t\t\t\theight=\"140\"\n\t\t\t\t\tstyle=\"max-width:100%;\"\n\t\t\t\t\/>\n\t\t\t<\/a>\n\t\t<\/div>\n\t\t\t\t\t\t\t<\/div>\n\t\t\t\n\t\t\t\t<div id=\"ngg-image-10\" class=\"ngg-gallery-thumbnail-box\n\t\t\t\t\t\t\t\tngg-2-columns\t\t\t\"\n\t\t\t>\n\t\t\t\t\t\t<div class=\"ngg-gallery-thumbnail\">\n\t\t\t<a href=\"https:\/\/cisiec2.e-przedszkolak.eu\/archiwum\/wp-content\/gallery\/certyfikaty\/scan%205.jpg\"\n\t\t\t\ttitle=\"\"\n\t\t\t\tdata-src=\"https:\/\/cisiec2.e-przedszkolak.eu\/archiwum\/wp-content\/gallery\/certyfikaty\/scan%205.jpg\"\n\t\t\t\tdata-thumbnail=\"https:\/\/cisiec2.e-przedszkolak.eu\/archiwum\/wp-content\/gallery\/certyfikaty\/thumbs\/thumbs_scan%205.jpg\"\n\t\t\t\tdata-image-id=\"679\"\n\t\t\t\tdata-title=\"scan 5\"\n\t\t\t\tdata-description=\"\"\n\t\t\t\tdata-image-slug=\"scan-5\"\n\t\t\t\tclass=\"ngg-fancybox\" rel=\"93cc5e6191de9f330afaa99707b88e06\">\n\t\t\t\t<img\n\t\t\t\t\ttitle=\"scan 5\"\n\t\t\t\t\talt=\"scan 5\"\n\t\t\t\t\tsrc=\"https:\/\/cisiec2.e-przedszkolak.eu\/archiwum\/wp-content\/gallery\/certyfikaty\/thumbs\/thumbs_scan%205.jpg\"\n\t\t\t\t\twidth=\"210\"\n\t\t\t\t\theight=\"140\"\n\t\t\t\t\tstyle=\"max-width:100%;\"\n\t\t\t\t\/>\n\t\t\t<\/a>\n\t\t<\/div>\n\t\t\t\t\t\t\t<\/div>\n\t\t\t\n\t\n\t<br style=\"clear: both\" \/>\n\n\t\n\t\t<!-- Pagination -->\n\t\t<div class='ngg-clear'><\/div>\t<\/div>\n<\/h4>\n","protected":false},"excerpt":{"rendered":"","protected":false},"author":2,"featured_media":0,"parent":0,"menu_order":0,"comment_status":"closed","ping_status":"closed","template":"","meta":{"ngg_post_thumbnail":0,"footnotes":""},"class_list":["post-414","page","type-page","status-publish","hentry"],"_links":{"self":[{"href":"https:\/\/cisiec2.e-przedszkolak.eu\/archiwum\/wp-json\/wp\/v2\/pages\/414","targetHints":{"allow":["GET"]}}],"collection":[{"href":"https:\/\/cisiec2.e-przedszkolak.eu\/archiwum\/wp-json\/wp\/v2\/pages"}],"about":[{"href":"https:\/\/cisiec2.e-przedszkolak.eu\/archiwum\/wp-json\/wp\/v2\/types\/page"}],"author":[{"embeddable":true,"href":"https:\/\/cisiec2.e-przedszkolak.eu\/archiwum\/wp-json\/wp\/v2\/users\/2"}],"replies":[{"embeddable":true,"href":"https:\/\/cisiec2.e-przedszkolak.eu\/archiwum\/wp-json\/wp\/v2\/comments?post=414"}],"version-history":[{"count":11,"href":"https:\/\/cisiec2.e-przedszkolak.eu\/archiwum\/wp-json\/wp\/v2\/pages\/414\/revisions"}],"predecessor-version":[{"id":681,"href":"https:\/\/cisiec2.e-przedszkolak.eu\/archiwum\/wp-json\/wp\/v2\/pages\/414\/revisions\/681"}],"wp:attachment":[{"href":"https:\/\/cisiec2.e-przedszkolak.eu\/archiwum\/wp-json\/wp\/v2\/media?parent=414"}],"curies":[{"name":"wp","href":"https:\/\/api.w.org\/{rel}","templated":true}]}}